{"id":9760,"date":"2018-06-19T08:55:40","date_gmt":"2018-06-19T08:55:40","guid":{"rendered":"http:\/\/tiago-rodrigues.pt\/?page_id=9760"},"modified":"2024-12-15T13:44:47","modified_gmt":"2024-12-15T13:44:47","slug":"boutique-do-pao","status":"publish","type":"page","link":"https:\/\/tiago-rodrigues.pt\/en\/boutique-do-pao\/","title":{"rendered":"Boutique do P\u00e3o"},"content":{"rendered":"<div class=\"vc_row wpb_row vc_row-fluid vc_custom_1733311006636\" ><div class=\"wpb_column vc_column_container vc_col-sm-12\"><div class=\"vc_column-inner\"><div class=\"wpb_wrapper\">\n\t<div class=\"wpb_text_column wpb_content_element\" >\n\t\t<div class=\"wpb_wrapper\">\n\t\t\t<div class=\"n2-code n2-ss-slider-shortcode-id\">\n<div class=\"n2-has-copy n2-code n2-ss-slider-shortcode-id\"><\/div>\n<\/div>\n\n\t\t<\/div>\n\t<\/div>\n<\/div><\/div><\/div><\/div><div class=\"vc_row wpb_row vc_row-fluid vc_custom_1653315726716\" ><div class=\"wpb_column vc_column_container vc_col-sm-12\"><div class=\"vc_column-inner\"><div class=\"wpb_wrapper\">\n\t<div class=\"wpb_text_column wpb_content_element\" >\n\t\t<div class=\"wpb_wrapper\">\n\t\t\t<div class=\"tm_pb_text tm_pb_module tm_pb_bg_layout_light tm_pb_text_align_left tm_pb_text_3\">\n<p style=\"text-align: left;\">The third anniversary of \"Bolo Real Barros\u00e3o\", a delicious exclusive that combines the traditional pastry of \"bolo rei\" (king cake) with the best smoked meats from Barroso, was the chosen occasion for \"Boutique do P\u00e3o\" and \"Bolo Real Barros\u00e3o\" to change their identity.<\/p>\n<div class=\"tm_pb_text tm_pb_module tm_pb_bg_layout_light tm_pb_text_align_left tm_pb_text_3\">\n<p style=\"text-align: left;\">The new identity and communication graphically standardises Boutique do P\u00e3o's offer, while positioning Bolo Real Barros\u00e3o in a higher segment, the result of combining the cake's rustic charm with the minimalist sophistication of the design.<\/p>\n<\/div>\n<\/div>\n\n\t\t<\/div>\n\t<\/div>\n<\/div><\/div><\/div><\/div><div data-vc-full-width=\"true\" data-vc-full-width-init=\"false\" data-vc-stretch-content=\"true\" class=\"vc_row wpb_row vc_row-fluid vc_row-no-padding\" ><div class=\"wpb_column vc_column_container vc_col-sm-4\"><div class=\"vc_column-inner\"><div class=\"wpb_wrapper\">\n\t<div  class=\"wpb_single_image wpb_content_element vc_align_left\">\n\t\t\n\t\t<figure class=\"wpb_wrapper vc_figure\">\n\t\t\t<div class=\"vc_single_image-wrapper   vc_box_border_grey\"><img loading=\"lazy\" decoding=\"async\" width=\"1000\" height=\"1000\" src=\"https:\/\/tiago-rodrigues.pt\/wp-content\/uploads\/2024\/12\/Asset-1.jpg\" class=\"vc_single_image-img attachment-full\" alt=\"\" srcset=\"https:\/\/tiago-rodrigues.pt\/wp-content\/uploads\/2024\/12\/Asset-1.jpg 1000w, https:\/\/tiago-rodrigues.pt\/wp-content\/uploads\/2024\/12\/Asset-1-768x768.jpg 768w, https:\/\/tiago-rodrigues.pt\/wp-content\/uploads\/2024\/12\/Asset-1-12x12.jpg 12w\" sizes=\"auto, (max-width: 1000px) 100vw, 1000px\" \/><\/div>\n\t\t<\/figure>\n\t<\/div>\n<\/div><\/div><\/div><div class=\"wpb_column vc_column_container vc_col-sm-4\"><div class=\"vc_column-inner\"><div class=\"wpb_wrapper\">\n\t<div  class=\"wpb_single_image wpb_content_element vc_align_left\">\n\t\t\n\t\t<figure class=\"wpb_wrapper vc_figure\">\n\t\t\t<div class=\"vc_single_image-wrapper   vc_box_border_grey\"><img loading=\"lazy\" decoding=\"async\" width=\"1000\" height=\"1000\" src=\"https:\/\/tiago-rodrigues.pt\/wp-content\/uploads\/2024\/12\/Asset-4.jpg\" class=\"vc_single_image-img attachment-full\" alt=\"\" srcset=\"https:\/\/tiago-rodrigues.pt\/wp-content\/uploads\/2024\/12\/Asset-4.jpg 1000w, https:\/\/tiago-rodrigues.pt\/wp-content\/uploads\/2024\/12\/Asset-4-768x768.jpg 768w, https:\/\/tiago-rodrigues.pt\/wp-content\/uploads\/2024\/12\/Asset-4-12x12.jpg 12w\" sizes=\"auto, (max-width: 1000px) 100vw, 1000px\" \/><\/div>\n\t\t<\/figure>\n\t<\/div>\n<\/div><\/div><\/div><div class=\"wpb_column vc_column_container vc_col-sm-4\"><div class=\"vc_column-inner\"><div class=\"wpb_wrapper\">\n\t<div  class=\"wpb_single_image wpb_content_element vc_align_left\">\n\t\t\n\t\t<figure class=\"wpb_wrapper vc_figure\">\n\t\t\t<div class=\"vc_single_image-wrapper   vc_box_border_grey\"><img loading=\"lazy\" decoding=\"async\" width=\"1000\" height=\"1000\" src=\"https:\/\/tiago-rodrigues.pt\/wp-content\/uploads\/2024\/12\/Asset-3.jpg\" class=\"vc_single_image-img attachment-full\" alt=\"\" srcset=\"https:\/\/tiago-rodrigues.pt\/wp-content\/uploads\/2024\/12\/Asset-3.jpg 1000w, https:\/\/tiago-rodrigues.pt\/wp-content\/uploads\/2024\/12\/Asset-3-768x768.jpg 768w, https:\/\/tiago-rodrigues.pt\/wp-content\/uploads\/2024\/12\/Asset-3-12x12.jpg 12w\" sizes=\"auto, (max-width: 1000px) 100vw, 1000px\" \/><\/div>\n\t\t<\/figure>\n\t<\/div>\n<\/div><\/div><\/div><\/div><div class=\"vc_row-full-width vc_clearfix\"><\/div><div class=\"vc_row wpb_row vc_row-fluid\" ><div class=\"wpb_column vc_column_container vc_col-sm-12\"><div class=\"vc_column-inner\"><div class=\"wpb_wrapper\">\n\t<div class=\"wpb_text_column wpb_content_element\" >\n\t\t<div class=\"wpb_wrapper\">\n\t\t\t\n\n\t\t<\/div>\n\t<\/div>\n<\/div><\/div><\/div><\/div><div class=\"vc_row wpb_row vc_row-fluid\" ><div class=\"wpb_column vc_column_container vc_col-sm-12\"><div class=\"vc_column-inner\"><div class=\"wpb_wrapper\">\n\t<div  class=\"wpb_single_image wpb_content_element vc_align_left  vc_custom_1733671769725\">\n\t\t\n\t\t<figure class=\"wpb_wrapper vc_figure\">\n\t\t\t<div class=\"vc_single_image-wrapper   vc_box_border_grey\"><img decoding=\"async\" class=\"vc_single_image-img\"  src=\"https:\/\/tiago-rodrigues.pt\/wp-content\/uploads\/2024\/12\/rollup-BPl.jpg\" \/><\/div>\n\t\t<\/figure>\n\t<\/div>\n\n\t<div  class=\"wpb_single_image wpb_content_element vc_align_left\">\n\t\t\n\t\t<figure class=\"wpb_wrapper vc_figure\">\n\t\t\t<div class=\"vc_single_image-wrapper   vc_box_border_grey\"><img decoding=\"async\" class=\"vc_single_image-img\"  src=\"https:\/\/tiago-rodrigues.pt\/wp-content\/uploads\/2023\/01\/IMG_4748.jpg\" \/><\/div>\n\t\t<\/figure>\n\t<\/div>\n<\/div><\/div><\/div><\/div><div data-vc-full-width=\"true\" data-vc-full-width-init=\"false\" data-vc-stretch-content=\"true\" class=\"vc_row wpb_row vc_row-fluid\" ><div class=\"wpb_column vc_column_container vc_col-sm-12\"><div class=\"vc_column-inner\"><div class=\"wpb_wrapper\">\n\t<div class=\"wpb_text_column wpb_content_element  vc_custom_1733495890092\" >\n\t\t<div class=\"wpb_wrapper\">\n\t\t\t<p style=\"text-align: center;\">Identity, art direction, photography and post-production of the communication of \"Boutique do P\u00e3o\".<em><span lang=\"en\"><br \/>\n<\/span><\/em>\"Boutique do P\u00e3o\", 2018.<\/p>\n\n\t\t<\/div>\n\t<\/div>\n<\/div><\/div><\/div><\/div><div class=\"vc_row-full-width vc_clearfix\"><\/div>","protected":false},"excerpt":{"rendered":"O terceiro anivers\u00e1rio do Bolo Real Barros\u00e3o \u2013 um delicioso exclusivo que combina a tradicional massa do bolo rei com o melhor fumeiro do Barroso \u2013 foi a ocasi\u00e3o escolhida para a Boutique do P\u00e3o e o Bolo Real Barros\u00e3o [...]","protected":false},"author":1,"featured_media":11841,"parent":0,"menu_order":0,"comment_status":"closed","ping_status":"closed","template":"full-width.php","meta":{"footnotes":""},"class_list":["post-9760","page","type-page","status-publish","has-post-thumbnail","hentry"],"_links":{"self":[{"href":"https:\/\/tiago-rodrigues.pt\/en\/wp-json\/wp\/v2\/pages\/9760","targetHints":{"allow":["GET"]}}],"collection":[{"href":"https:\/\/tiago-rodrigues.pt\/en\/wp-json\/wp\/v2\/pages"}],"about":[{"href":"https:\/\/tiago-rodrigues.pt\/en\/wp-json\/wp\/v2\/types\/page"}],"author":[{"embeddable":true,"href":"https:\/\/tiago-rodrigues.pt\/en\/wp-json\/wp\/v2\/users\/1"}],"replies":[{"embeddable":true,"href":"https:\/\/tiago-rodrigues.pt\/en\/wp-json\/wp\/v2\/comments?post=9760"}],"version-history":[{"count":226,"href":"https:\/\/tiago-rodrigues.pt\/en\/wp-json\/wp\/v2\/pages\/9760\/revisions"}],"predecessor-version":[{"id":18492,"href":"https:\/\/tiago-rodrigues.pt\/en\/wp-json\/wp\/v2\/pages\/9760\/revisions\/18492"}],"wp:featuredmedia":[{"embeddable":true,"href":"https:\/\/tiago-rodrigues.pt\/en\/wp-json\/wp\/v2\/media\/11841"}],"wp:attachment":[{"href":"https:\/\/tiago-rodrigues.pt\/en\/wp-json\/wp\/v2\/media?parent=9760"}],"curies":[{"name":"wp","href":"https:\/\/api.w.org\/{rel}","templated":true}]}}