{"id":5851,"date":"2017-01-25T17:12:03","date_gmt":"2017-01-25T17:12:03","guid":{"rendered":"http:\/\/tiago-rodrigues.pt\/?page_id=5851"},"modified":"2017-09-07T09:55:06","modified_gmt":"2017-09-07T09:55:06","slug":"reuniao-das-tribos-c","status":"publish","type":"page","link":"https:\/\/tiago-rodrigues.pt\/en\/reuniao-das-tribos-c\/","title":{"rendered":"Reuni\u00e3o das Tribos C"},"content":{"rendered":"<div class=\"vc_row wpb_row vc_row-fluid vc_custom_1483289194642 vc_row-has-fill\" ><div class=\"wpb_column vc_column_container vc_col-sm-12 vc_col-has-fill\"><div class=\"vc_column-inner vc_custom_1482937209978\"><div class=\"wpb_wrapper\">\n\t<div  class=\"wpb_single_image wpb_content_element vc_align_left  vc_custom_1504775358433\">\n\t\t\n\t\t<figure class=\"wpb_wrapper vc_figure\">\n\t\t\t<div class=\"vc_single_image-wrapper   vc_box_border_grey\"><img loading=\"lazy\" decoding=\"async\" width=\"2000\" height=\"1420\" src=\"https:\/\/tiago-rodrigues.pt\/wp-content\/uploads\/2016\/12\/reunia\u0303o-das-tribos.jpg\" class=\"vc_single_image-img attachment-full\" alt=\"reuniao-das-tribos\" srcset=\"https:\/\/tiago-rodrigues.pt\/wp-content\/uploads\/2016\/12\/reunia\u0303o-das-tribos.jpg 2000w, https:\/\/tiago-rodrigues.pt\/wp-content\/uploads\/2016\/12\/reunia\u0303o-das-tribos-300x213.jpg 300w, https:\/\/tiago-rodrigues.pt\/wp-content\/uploads\/2016\/12\/reunia\u0303o-das-tribos-1024x727.jpg 1024w\" sizes=\"auto, (max-width: 2000px) 100vw, 2000px\" \/><\/div>\n\t\t<\/figure>\n\t<\/div>\n\n\t<div  class=\"wpb_single_image wpb_content_element vc_align_left\">\n\t\t\n\t\t<figure class=\"wpb_wrapper vc_figure\">\n\t\t\t<div class=\"vc_single_image-wrapper   vc_box_border_grey\"><img loading=\"lazy\" decoding=\"async\" width=\"2000\" height=\"710\" src=\"https:\/\/tiago-rodrigues.pt\/wp-content\/uploads\/2016\/12\/barra-tribos.jpg\" class=\"vc_single_image-img attachment-full\" alt=\"\" srcset=\"https:\/\/tiago-rodrigues.pt\/wp-content\/uploads\/2016\/12\/barra-tribos.jpg 2000w, https:\/\/tiago-rodrigues.pt\/wp-content\/uploads\/2016\/12\/barra-tribos-300x107.jpg 300w, https:\/\/tiago-rodrigues.pt\/wp-content\/uploads\/2016\/12\/barra-tribos-1024x364.jpg 1024w\" sizes=\"auto, (max-width: 2000px) 100vw, 2000px\" \/><\/div>\n\t\t<\/figure>\n\t<\/div>\n<\/div><\/div><\/div><\/div><div class=\"vc_row wpb_row vc_row-fluid vc_custom_1483289131187 vc_row-has-fill\" ><div class=\"wpb_column vc_column_container vc_col-sm-6 vc_col-has-fill\"><div class=\"vc_column-inner vc_custom_1483289161423\"><div class=\"wpb_wrapper\">\n\t<div class=\"wpb_text_column wpb_content_element\" >\n\t\t<div class=\"wpb_wrapper\">\n\t\t\t<p>Desenvolvimento de identidade e comunica\u00e7\u00e3o para o evento Reuni\u00e3o das Tribos.<em><br \/>\n<\/em><a href=\"http:\/\/tiago-rodrigues.pt\/en\/aacc\/\">AACC<\/a>, 2016<\/p>\n\n\t\t<\/div>\n\t<\/div>\n<\/div><\/div><\/div><div class=\"wpb_column vc_column_container vc_col-sm-6 vc_col-has-fill\"><div class=\"vc_column-inner vc_custom_1483289170902\"><div class=\"wpb_wrapper\">\n\t<div  class=\"wpb_single_image wpb_content_element vc_align_right\">\n\t\t\n\t\t<figure class=\"wpb_wrapper vc_figure\">\n\t\t\t<a href=\"http:\/\/tiago-rodrigues.pt\/en\/aacc\/\" target=\"_self\" class=\"vc_single_image-wrapper   vc_box_border_grey\"><img loading=\"lazy\" decoding=\"async\" class=\"vc_single_image-img\" src=\"https:\/\/tiago-rodrigues.pt\/wp-content\/uploads\/2016\/12\/prev-dark-38x38.png\" width=\"38\" height=\"38\" alt=\"Back\" title=\"Back\" \/><\/a>\n\t\t<\/figure>\n\t<\/div>\n<\/div><\/div><\/div><\/div>","protected":false},"excerpt":{"rendered":"Desenvolvimento de identidade e comunica\u00e7\u00e3o para o evento Reuni\u00e3o das Tribos. AACC, 2016","protected":false},"author":1,"featured_media":0,"parent":0,"menu_order":0,"comment_status":"closed","ping_status":"closed","template":"home-page.php","meta":{"footnotes":""},"class_list":["post-5851","page","type-page","status-publish","hentry"],"_links":{"self":[{"href":"https:\/\/tiago-rodrigues.pt\/en\/wp-json\/wp\/v2\/pages\/5851","targetHints":{"allow":["GET"]}}],"collection":[{"href":"https:\/\/tiago-rodrigues.pt\/en\/wp-json\/wp\/v2\/pages"}],"about":[{"href":"https:\/\/tiago-rodrigues.pt\/en\/wp-json\/wp\/v2\/types\/page"}],"author":[{"embeddable":true,"href":"https:\/\/tiago-rodrigues.pt\/en\/wp-json\/wp\/v2\/users\/1"}],"replies":[{"embeddable":true,"href":"https:\/\/tiago-rodrigues.pt\/en\/wp-json\/wp\/v2\/comments?post=5851"}],"version-history":[{"count":0,"href":"https:\/\/tiago-rodrigues.pt\/en\/wp-json\/wp\/v2\/pages\/5851\/revisions"}],"wp:attachment":[{"href":"https:\/\/tiago-rodrigues.pt\/en\/wp-json\/wp\/v2\/media?parent=5851"}],"curies":[{"name":"wp","href":"https:\/\/api.w.org\/{rel}","templated":true}]}}