{"id":3091,"date":"2017-01-02T13:11:18","date_gmt":"2017-01-02T13:11:18","guid":{"rendered":"http:\/\/tiago-rodrigues.pt\/?page_id=3091"},"modified":"2021-08-16T15:05:15","modified_gmt":"2021-08-16T15:05:15","slug":"o-espirito-dos-lugares","status":"publish","type":"page","link":"https:\/\/tiago-rodrigues.pt\/en\/o-espirito-dos-lugares\/","title":{"rendered":"O Esp\u00edrito dos Lugares"},"content":{"rendered":"<div class=\"vc_row wpb_row vc_row-fluid\" ><div class=\"wpb_column vc_column_container vc_col-sm-12\"><div class=\"vc_column-inner\"><div class=\"wpb_wrapper\">\n\t<div  class=\"wpb_single_image wpb_content_element vc_align_left\">\n\t\t\n\t\t<figure class=\"wpb_wrapper vc_figure\">\n\t\t\t<div class=\"vc_single_image-wrapper   vc_box_border_grey\"><img loading=\"lazy\" decoding=\"async\" width=\"2000\" height=\"1420\" src=\"https:\/\/tiago-rodrigues.pt\/wp-content\/uploads\/2017\/01\/expo.jpg\" class=\"vc_single_image-img attachment-full\" alt=\"\" srcset=\"https:\/\/tiago-rodrigues.pt\/wp-content\/uploads\/2017\/01\/expo.jpg 2000w, https:\/\/tiago-rodrigues.pt\/wp-content\/uploads\/2017\/01\/expo-300x213.jpg 300w, https:\/\/tiago-rodrigues.pt\/wp-content\/uploads\/2017\/01\/expo-1024x727.jpg 1024w\" sizes=\"auto, (max-width: 2000px) 100vw, 2000px\" \/><\/div>\n\t\t<\/figure>\n\t<\/div>\n<\/div><\/div><\/div><\/div><div class=\"vc_row wpb_row vc_row-fluid\" ><div class=\"wpb_column vc_column_container vc_col-sm-6\"><div class=\"vc_column-inner\"><div class=\"wpb_wrapper\">\n\t<div class=\"wpb_text_column wpb_content_element  vc_custom_1629126314149\" >\n\t\t<div class=\"wpb_wrapper\">\n\t\t\t<p>Communication of the exhibition \u201cO Esp\u00edrito dos Lugares\u201d.<em><br \/>\n<\/em>Archaeology Unit of the University of Minho (Portuguese UAUM), 2016.<\/p>\n\n\t\t<\/div>\n\t<\/div>\n<\/div><\/div><\/div><div class=\"wpb_column vc_column_container vc_col-sm-6 vc_col-has-fill\"><div class=\"vc_column-inner vc_custom_1483289170902\"><div class=\"wpb_wrapper\"><\/div><\/div><\/div><\/div><div class=\"vc_row wpb_row vc_row-fluid\" ><div class=\"wpb_column vc_column_container vc_col-sm-6\"><div class=\"vc_column-inner vc_custom_1626421981471\"><div class=\"wpb_wrapper\"><div class=\"edgtf-social-share-holder\">\n        <ul>\n        <li class=\"edgtf-facebook-share\">\n    <a itemprop=\"url\" class=\"edgtf-share-link\" href=\"#\" onclick=\"window.open(&#039;http:\/\/www.facebook.com\/sharer.php?u=https%3A%2F%2Ftiago-rodrigues.pt%2Fen%2Fo-espirito-dos-lugares%2F&#039;, &#039;sharer&#039;, &#039;toolbar=0,status=0,width=620,height=280&#039;);\">\n        <span class=\"edgtf-social-network-name\">Fb<\/span>\n    <\/a>\n<\/li><li class=\"edgtf-twitter-share\">\n    <a itemprop=\"url\" class=\"edgtf-share-link\" href=\"#\" onclick=\"window.open(&#039;https:\/\/twitter.com\/intent\/tweet?text=https:\/\/tiago-rodrigues.pt\/en\/o-espirito-dos-lugares\/&#039;, &#039;popupwindow&#039;, &#039;scrollbars=yes,width=800,height=400&#039;);\">\n        <span class=\"edgtf-social-network-name\">Tw<\/span>\n    <\/a>\n<\/li><li class=\"edgtf-pinterest-share\">\n    <a itemprop=\"url\" class=\"edgtf-share-link\" href=\"#\" onclick=\"popUp=window.open(&#039;https:\/\/pinterest.com\/pin\/create\/button\/?url=https%3A%2F%2Ftiago-rodrigues.pt%2Fen%2Fo-espirito-dos-lugares%2F&amp;description=o-espirito-dos-lugares&#039;, &#039;popupwindow&#039;, &#039;scrollbars=yes,width=800,height=400&#039;);popUp.focus();return false;\">\n        <span class=\"edgtf-social-network-name\">Pin<\/span>\n    <\/a>\n<\/li>    <\/ul>\n<\/div><\/div><\/div><\/div><div class=\"wpb_column vc_column_container vc_col-sm-6 vc_col-has-fill\"><div class=\"vc_column-inner vc_custom_1483289170902\"><div class=\"wpb_wrapper\"><\/div><\/div><\/div><\/div>","protected":false},"excerpt":{"rendered":"Comunica\u00e7\u00e3o da exposi\u00e7\u00e3o \"O Esp\u00edrito dos Lugares\". Unidade de Arqueologia da Universidade do Minho (UAUM), 2016. Fb Tw Pin","protected":false},"author":1,"featured_media":0,"parent":0,"menu_order":0,"comment_status":"closed","ping_status":"closed","template":"full-width.php","meta":{"footnotes":""},"class_list":["post-3091","page","type-page","status-publish","hentry"],"_links":{"self":[{"href":"https:\/\/tiago-rodrigues.pt\/en\/wp-json\/wp\/v2\/pages\/3091","targetHints":{"allow":["GET"]}}],"collection":[{"href":"https:\/\/tiago-rodrigues.pt\/en\/wp-json\/wp\/v2\/pages"}],"about":[{"href":"https:\/\/tiago-rodrigues.pt\/en\/wp-json\/wp\/v2\/types\/page"}],"author":[{"embeddable":true,"href":"https:\/\/tiago-rodrigues.pt\/en\/wp-json\/wp\/v2\/users\/1"}],"replies":[{"embeddable":true,"href":"https:\/\/tiago-rodrigues.pt\/en\/wp-json\/wp\/v2\/comments?post=3091"}],"version-history":[{"count":6,"href":"https:\/\/tiago-rodrigues.pt\/en\/wp-json\/wp\/v2\/pages\/3091\/revisions"}],"predecessor-version":[{"id":13889,"href":"https:\/\/tiago-rodrigues.pt\/en\/wp-json\/wp\/v2\/pages\/3091\/revisions\/13889"}],"wp:attachment":[{"href":"https:\/\/tiago-rodrigues.pt\/en\/wp-json\/wp\/v2\/media?parent=3091"}],"curies":[{"name":"wp","href":"https:\/\/api.w.org\/{rel}","templated":true}]}}