{"id":2788,"date":"2017-01-01T10:34:57","date_gmt":"2017-01-01T10:34:57","guid":{"rendered":"http:\/\/tiago-rodrigues.pt\/?page_id=2788"},"modified":"2019-09-20T12:34:37","modified_gmt":"2019-09-20T12:34:37","slug":"imagelocker","status":"publish","type":"page","link":"https:\/\/tiago-rodrigues.pt\/en\/imagelocker\/","title":{"rendered":"Imagelocker"},"content":{"rendered":"<div class=\"vc_row wpb_row vc_row-fluid vc_custom_1482936443132\" ><div class=\"wpb_column vc_column_container vc_col-sm-12 vc_col-has-fill\"><div class=\"vc_column-inner vc_custom_1482936361032\"><div class=\"wpb_wrapper\">\n\t<div  class=\"wpb_single_image wpb_content_element vc_align_left  vc_custom_1483268101557\">\n\t\t\n\t\t<figure class=\"wpb_wrapper vc_figure\">\n\t\t\t<div class=\"vc_single_image-wrapper   vc_box_border_grey\"><img loading=\"lazy\" decoding=\"async\" width=\"2000\" height=\"1328\" src=\"https:\/\/tiago-rodrigues.pt\/wp-content\/uploads\/2017\/01\/img.jpg\" class=\"vc_single_image-img attachment-full\" alt=\"\" srcset=\"https:\/\/tiago-rodrigues.pt\/wp-content\/uploads\/2017\/01\/img.jpg 2000w, https:\/\/tiago-rodrigues.pt\/wp-content\/uploads\/2017\/01\/img-300x199.jpg 300w, https:\/\/tiago-rodrigues.pt\/wp-content\/uploads\/2017\/01\/img-1024x680.jpg 1024w\" sizes=\"auto, (max-width: 2000px) 100vw, 2000px\" \/><\/div>\n\t\t<\/figure>\n\t<\/div>\n<\/div><\/div><\/div><\/div><div class=\"vc_row wpb_row vc_row-fluid vc_custom_1483011195620 vc_row-has-fill\" ><div class=\"wpb_column vc_column_container vc_col-sm-6 vc_col-has-fill\"><div class=\"vc_column-inner vc_custom_1483011434117\"><div class=\"wpb_wrapper\">\n\t<div class=\"wpb_text_column wpb_content_element\" >\n\t\t<div class=\"wpb_wrapper\">\n\t\t\t<p>Identidade da aplica\u00e7\u00e3o de armazenamento de fotos e v\u00eddeos em nuvem <span lang=\"en\">Imagelocker<\/span><em><span lang=\"en\">.<\/span><\/em><br \/>\nImagelocker, 2010<\/p>\n\n\t\t<\/div>\n\t<\/div>\n<div  class=\"wpb_widgetised_column wpb_content_element\">\n\t\t<div class=\"wpb_wrapper\">\n\t\t\t\n\t\t\t\n\t\t<\/div>\n\t<\/div>\n<\/div><\/div><\/div><div class=\"wpb_column vc_column_container vc_col-sm-6\"><div class=\"vc_column-inner\"><div class=\"wpb_wrapper\"><\/div><\/div><\/div><\/div>","protected":false},"excerpt":{"rendered":"Identidade da aplica\u00e7\u00e3o de armazenamento de fotos e v\u00eddeos em nuvem Imagelocker. Imagelocker, 2010","protected":false},"author":1,"featured_media":0,"parent":0,"menu_order":0,"comment_status":"closed","ping_status":"closed","template":"home-page.php","meta":{"footnotes":""},"class_list":["post-2788","page","type-page","status-publish","hentry"],"_links":{"self":[{"href":"https:\/\/tiago-rodrigues.pt\/en\/wp-json\/wp\/v2\/pages\/2788","targetHints":{"allow":["GET"]}}],"collection":[{"href":"https:\/\/tiago-rodrigues.pt\/en\/wp-json\/wp\/v2\/pages"}],"about":[{"href":"https:\/\/tiago-rodrigues.pt\/en\/wp-json\/wp\/v2\/types\/page"}],"author":[{"embeddable":true,"href":"https:\/\/tiago-rodrigues.pt\/en\/wp-json\/wp\/v2\/users\/1"}],"replies":[{"embeddable":true,"href":"https:\/\/tiago-rodrigues.pt\/en\/wp-json\/wp\/v2\/comments?post=2788"}],"version-history":[{"count":2,"href":"https:\/\/tiago-rodrigues.pt\/en\/wp-json\/wp\/v2\/pages\/2788\/revisions"}],"predecessor-version":[{"id":10611,"href":"https:\/\/tiago-rodrigues.pt\/en\/wp-json\/wp\/v2\/pages\/2788\/revisions\/10611"}],"wp:attachment":[{"href":"https:\/\/tiago-rodrigues.pt\/en\/wp-json\/wp\/v2\/media?parent=2788"}],"curies":[{"name":"wp","href":"https:\/\/api.w.org\/{rel}","templated":true}]}}