{"id":269,"date":"2015-05-18T12:58:50","date_gmt":"2015-05-18T12:58:50","guid":{"rendered":"http:\/\/designova.net\/themes\/wordpress\/otto\/demo\/?page_id=7"},"modified":"2024-11-15T17:59:08","modified_gmt":"2024-11-15T17:59:08","slug":"biografia","status":"publish","type":"page","link":"https:\/\/tiago-rodrigues.pt\/en\/biografia\/","title":{"rendered":"Tiago Rodrigues"},"content":{"rendered":"<div class=\"vc_row wpb_row vc_row-fluid\" ><div class=\"wpb_column vc_column_container vc_col-sm-12\"><div class=\"vc_column-inner\"><div class=\"wpb_wrapper\">\n\t<div  class=\"wpb_single_image wpb_content_element vc_align_center\">\n\t\t\n\t\t<figure class=\"wpb_wrapper vc_figure\">\n\t\t\t<div class=\"vc_single_image-wrapper   vc_box_border_grey\"><img decoding=\"async\" class=\"vc_single_image-img\"  src=\"https:\/\/tiago-rodrigues.pt\/wp-content\/uploads\/2023\/10\/SAM_1675-site.jpg\" \/><\/div>\n\t\t<\/figure>\n\t<\/div>\n<\/div><\/div><\/div><\/div><div class=\"vc_row wpb_row vc_row-fluid pad-bottom vc_custom_1626772488348\" ><div class=\"caption wpb_column vc_column_container vc_col-sm-2\"><div class=\"vc_column-inner\"><div class=\"wpb_wrapper\"><\/div><\/div><\/div><div class=\"wpb_column vc_column_container vc_col-sm-8\"><div class=\"vc_column-inner\"><div class=\"wpb_wrapper\">\n\t<div class=\"wpb_text_column wpb_content_element\" >\n\t\t<div class=\"wpb_wrapper\">\n\t\t\t<h2 style=\"text-align: left;\">TIAGO RODRIGUES<\/h2>\n<p style=\"text-align: left;\">Tiago Rodrigues is a graphic designer. He got a taste for design in secondary school with the Graphic Design Technological Course, at the Pedro Nunes High School in Lisbon, where he is from. Now his life is in the mountains, where he has developed projects with various local institutions.<\/p>\n\n\t\t<\/div>\n\t<\/div>\n\n\t<div class=\"wpb_text_column wpb_content_element\" >\n\t\t<div class=\"wpb_wrapper\">\n\t\t\t<p style=\"text-align: left;\">He studied at the Escola de Artes Gr\u00e1ficas e Multim\u00e9dia of Amadora and worked as an intern at Rabiscos de Luz. He then went to IDG and Novodesign, from where he left at the time of Brandia Central. He also worked at Castello Lopes Multim\u00e9dia and Tux&amp;Gill. He currently lives in Boticas where he is a freelancer.<\/p>\n\n\t\t<\/div>\n\t<\/div>\n\n\t<div class=\"wpb_text_column wpb_content_element\" >\n\t\t<div class=\"wpb_wrapper\">\n\t\t\t<p style=\"text-align: left;\" class=\" translation-block\">He is a designer and art editor at UMinho Editora publisher and designer and co-producer of the merchandising for the official University of Minho shop in the historic Largo do Pa\u00e7o in Braga.<\/p>\n\n\t\t<\/div>\n\t<\/div>\n\n\t<div class=\"wpb_text_column wpb_content_element\" >\n\t\t<div class=\"wpb_wrapper\">\n\t\t\t<p style=\"font-weight: 400; text-align: left;\">In 2017 he founded Visit Boticas, now Terra Callaeci. A project dedicated to promoting the cultural landscape of Tr\u00e1s-os-Montes, as a construction of the people who inhabited (and inhabit) it.<\/p>\n\n\t\t<\/div>\n\t<\/div>\n\n\t<div class=\"wpb_text_column wpb_content_element\" >\n\t\t<div class=\"wpb_wrapper\">\n\t\t\t<p style=\"text-align: left;\">In 2022 he launched <span style=\"color: #000000;\">Corguinho<\/span>, a merchandising brand that aims to celebrate what is genuinely barrosan and transmontano, associating history and tradition to a contemporary design.<\/p>\n\n\t\t<\/div>\n\t<\/div>\n<\/div><\/div><\/div><div class=\"wpb_column vc_column_container vc_col-sm-2\"><div class=\"vc_column-inner\"><div class=\"wpb_wrapper\"><\/div><\/div><\/div><\/div>","protected":false},"excerpt":{"rendered":"TIAGO RODRIGUES Tiago Rodrigues \u00e9 designer gr\u00e1fico. Tomou gosto pelo design no ensino secund\u00e1rio com o Curso Tecnol\u00f3gico de Desenho Gr\u00e1fico, no liceu Pedro Nunes em Lisboa, de onde \u00e9 natural. Agora a sua vida \u00e9 nas montanhas, onde tem [...]","protected":false},"author":1,"featured_media":0,"parent":0,"menu_order":0,"comment_status":"closed","ping_status":"closed","template":"full-width.php","meta":{"footnotes":""},"class_list":["post-269","page","type-page","status-publish","hentry"],"_links":{"self":[{"href":"https:\/\/tiago-rodrigues.pt\/en\/wp-json\/wp\/v2\/pages\/269","targetHints":{"allow":["GET"]}}],"collection":[{"href":"https:\/\/tiago-rodrigues.pt\/en\/wp-json\/wp\/v2\/pages"}],"about":[{"href":"https:\/\/tiago-rodrigues.pt\/en\/wp-json\/wp\/v2\/types\/page"}],"author":[{"embeddable":true,"href":"https:\/\/tiago-rodrigues.pt\/en\/wp-json\/wp\/v2\/users\/1"}],"replies":[{"embeddable":true,"href":"https:\/\/tiago-rodrigues.pt\/en\/wp-json\/wp\/v2\/comments?post=269"}],"version-history":[{"count":137,"href":"https:\/\/tiago-rodrigues.pt\/en\/wp-json\/wp\/v2\/pages\/269\/revisions"}],"predecessor-version":[{"id":17498,"href":"https:\/\/tiago-rodrigues.pt\/en\/wp-json\/wp\/v2\/pages\/269\/revisions\/17498"}],"wp:attachment":[{"href":"https:\/\/tiago-rodrigues.pt\/en\/wp-json\/wp\/v2\/media?parent=269"}],"curies":[{"name":"wp","href":"https:\/\/api.w.org\/{rel}","templated":true}]}}