{"id":15395,"date":"2022-07-09T10:27:18","date_gmt":"2022-07-09T10:27:18","guid":{"rendered":"https:\/\/tiago-rodrigues.pt\/?page_id=15395"},"modified":"2024-03-28T17:26:20","modified_gmt":"2024-03-28T17:26:20","slug":"covid-19-em-portugal-a-estrategia","status":"publish","type":"page","link":"https:\/\/tiago-rodrigues.pt\/en\/covid-19-em-portugal-a-estrategia\/","title":{"rendered":"COVID-19 em Portugal: a estrat\u00e9gia"},"content":{"rendered":"<div class=\"vc_row wpb_row vc_row-fluid vc_custom_1670689025969 vc_row-has-fill\" ><div class=\"wpb_column vc_column_container vc_col-sm-12 vc_col-has-fill\"><div class=\"vc_column-inner vc_custom_1670690221774\"><div class=\"wpb_wrapper\">\n\t<div  class=\"wpb_single_image wpb_content_element vc_align_center  vc_custom_1711646672618\">\n\t\t\n\t\t<figure class=\"wpb_wrapper vc_figure\">\n\t\t\t<div class=\"vc_single_image-wrapper   vc_box_border_grey\"><img decoding=\"async\" class=\"vc_single_image-img\"  src=\"https:\/\/tiago-rodrigues.pt\/wp-content\/uploads\/2022\/07\/COVID19-IIC.jpg\" \/><\/div>\n\t\t<\/figure>\n\t<\/div>\n<\/div><\/div><\/div><\/div><div class=\"vc_row wpb_row vc_row-fluid\" ><div class=\"wpb_column vc_column_container vc_col-sm-12\"><div class=\"vc_column-inner\"><div class=\"wpb_wrapper\">\n\t<div class=\"wpb_text_column wpb_content_element  vc_custom_1711646778915\" >\n\t\t<div class=\"wpb_wrapper\">\n\t\t\t<p style=\"text-align: center;\">Design and layout of the book \"<a href=\"https:\/\/ebooks.uminho.pt\/index.php\/uminho\/catalog\/book\/71\" target=\"_blank\" rel=\"noopener\"><strong>COVID-19 em Portugal: a estrat\u00e9gia<\/strong>&#8220;<\/a>.<br \/>\nUMinho Editora (Cole\u00e7\u00e3o Ensaios para a Sustentabilidade da Funda\u00e7\u00e3o Mestre Casais), 2022.<\/p>\n\n\t\t<\/div>\n\t<\/div>\n<\/div><\/div><\/div><\/div>","protected":false},"excerpt":{"rendered":"Design e pagina\u00e7\u00e3o do livro \"COVID-19 em Portugal: a estrat\u00e9gia\". UMinho Editora (Cole\u00e7\u00e3o Ensaios para a Sustentabilidade da Funda\u00e7\u00e3o Mestre Casais), 2022.","protected":false},"author":1,"featured_media":0,"parent":0,"menu_order":0,"comment_status":"closed","ping_status":"closed","template":"full-width.php","meta":{"footnotes":""},"class_list":["post-15395","page","type-page","status-publish","hentry"],"_links":{"self":[{"href":"https:\/\/tiago-rodrigues.pt\/en\/wp-json\/wp\/v2\/pages\/15395","targetHints":{"allow":["GET"]}}],"collection":[{"href":"https:\/\/tiago-rodrigues.pt\/en\/wp-json\/wp\/v2\/pages"}],"about":[{"href":"https:\/\/tiago-rodrigues.pt\/en\/wp-json\/wp\/v2\/types\/page"}],"author":[{"embeddable":true,"href":"https:\/\/tiago-rodrigues.pt\/en\/wp-json\/wp\/v2\/users\/1"}],"replies":[{"embeddable":true,"href":"https:\/\/tiago-rodrigues.pt\/en\/wp-json\/wp\/v2\/comments?post=15395"}],"version-history":[{"count":21,"href":"https:\/\/tiago-rodrigues.pt\/en\/wp-json\/wp\/v2\/pages\/15395\/revisions"}],"predecessor-version":[{"id":16634,"href":"https:\/\/tiago-rodrigues.pt\/en\/wp-json\/wp\/v2\/pages\/15395\/revisions\/16634"}],"wp:attachment":[{"href":"https:\/\/tiago-rodrigues.pt\/en\/wp-json\/wp\/v2\/media?parent=15395"}],"curies":[{"name":"wp","href":"https:\/\/api.w.org\/{rel}","templated":true}]}}