{"id":15381,"date":"2022-07-07T15:03:45","date_gmt":"2022-07-07T15:03:45","guid":{"rendered":"https:\/\/tiago-rodrigues.pt\/?page_id=15381"},"modified":"2024-03-28T17:25:04","modified_gmt":"2024-03-28T17:25:04","slug":"lingua-portuguesa-global-comunicar-no-panorama-mediatico-luso-brasileiro","status":"publish","type":"page","link":"https:\/\/tiago-rodrigues.pt\/en\/lingua-portuguesa-global-comunicar-no-panorama-mediatico-luso-brasileiro\/","title":{"rendered":"L\u00edngua portuguesa global &#8211; Comunicar no panorama medi\u00e1tico luso-brasileiro"},"content":{"rendered":"<div class=\"vc_row wpb_row vc_row-fluid vc_custom_1670689108457 vc_row-has-fill\" ><div class=\"wpb_column vc_column_container vc_col-sm-12 vc_col-has-fill\"><div class=\"vc_column-inner vc_custom_1670689092569\"><div class=\"wpb_wrapper\">\n\t<div  class=\"wpb_single_image wpb_content_element vc_align_center  vc_custom_1670690392777\">\n\t\t\n\t\t<figure class=\"wpb_wrapper vc_figure\">\n\t\t\t<div class=\"vc_single_image-wrapper   vc_box_border_grey\"><img decoding=\"async\" class=\"vc_single_image-img\"  src=\"https:\/\/tiago-rodrigues.pt\/wp-content\/uploads\/2022\/07\/Lingua-Portuguesa-B.jpg\" \/><\/div>\n\t\t<\/figure>\n\t<\/div>\n<\/div><\/div><\/div><\/div><div class=\"vc_row wpb_row vc_row-fluid\" ><div class=\"wpb_column vc_column_container vc_col-sm-12\"><div class=\"vc_column-inner\"><div class=\"wpb_wrapper\">\n\t<div class=\"wpb_text_column wpb_content_element  vc_custom_1711646702967\" >\n\t\t<div class=\"wpb_wrapper\">\n\t\t\t<p style=\"text-align: center;\">Design and layout of the book \"<a href=\"https:\/\/ebooks.uminho.pt\/index.php\/uminho\/catalog\/book\/29\" target=\"_blank\" rel=\"noopener\"><strong>L\u00edngua portuguesa global &#8211; Comunicar no panorama medi\u00e1tico luso-brasileiro<\/strong><\/a>&#8220;.<br \/>\nUMinho Editora (Cole\u00e7\u00e3o Investiga\u00e7\u00e3o\/Ci\u00eancias Sociais), 2021.<\/p>\n\n\t\t<\/div>\n\t<\/div>\n<\/div><\/div><\/div><\/div>","protected":false},"excerpt":{"rendered":"Design e pagina\u00e7\u00e3o do livro \"L\u00edngua portuguesa global - Comunicar no panorama medi\u00e1tico luso-brasileiro\". UMinho Editora (Cole\u00e7\u00e3o Investiga\u00e7\u00e3o\/Ci\u00eancias Sociais), 2021.","protected":false},"author":1,"featured_media":15384,"parent":0,"menu_order":0,"comment_status":"closed","ping_status":"closed","template":"full-width.php","meta":{"footnotes":""},"class_list":["post-15381","page","type-page","status-publish","has-post-thumbnail","hentry"],"_links":{"self":[{"href":"https:\/\/tiago-rodrigues.pt\/en\/wp-json\/wp\/v2\/pages\/15381","targetHints":{"allow":["GET"]}}],"collection":[{"href":"https:\/\/tiago-rodrigues.pt\/en\/wp-json\/wp\/v2\/pages"}],"about":[{"href":"https:\/\/tiago-rodrigues.pt\/en\/wp-json\/wp\/v2\/types\/page"}],"author":[{"embeddable":true,"href":"https:\/\/tiago-rodrigues.pt\/en\/wp-json\/wp\/v2\/users\/1"}],"replies":[{"embeddable":true,"href":"https:\/\/tiago-rodrigues.pt\/en\/wp-json\/wp\/v2\/comments?post=15381"}],"version-history":[{"count":6,"href":"https:\/\/tiago-rodrigues.pt\/en\/wp-json\/wp\/v2\/pages\/15381\/revisions"}],"predecessor-version":[{"id":16632,"href":"https:\/\/tiago-rodrigues.pt\/en\/wp-json\/wp\/v2\/pages\/15381\/revisions\/16632"}],"wp:featuredmedia":[{"embeddable":true,"href":"https:\/\/tiago-rodrigues.pt\/en\/wp-json\/wp\/v2\/media\/15384"}],"wp:attachment":[{"href":"https:\/\/tiago-rodrigues.pt\/en\/wp-json\/wp\/v2\/media?parent=15381"}],"curies":[{"name":"wp","href":"https:\/\/api.w.org\/{rel}","templated":true}]}}