{"id":13241,"date":"2021-07-15T10:39:36","date_gmt":"2021-07-15T10:39:36","guid":{"rendered":"http:\/\/tiago-rodrigues.pt\/?page_id=13241"},"modified":"2024-03-28T17:30:16","modified_gmt":"2024-03-28T17:30:16","slug":"economia-do-esquecimento","status":"publish","type":"page","link":"http:\/\/tiago-rodrigues.pt\/en\/economia-do-esquecimento\/","title":{"rendered":"Economia do Esquecimento"},"content":{"rendered":"<div class=\"vc_row wpb_row vc_row-fluid vc_custom_1670689573870 vc_row-has-fill\" ><div class=\"wpb_column vc_column_container vc_col-sm-12 vc_col-has-fill\"><div class=\"vc_column-inner vc_custom_1670689565236\"><div class=\"wpb_wrapper\">\n\t<div  class=\"wpb_single_image wpb_content_element vc_align_center  vc_custom_1670690785107\">\n\t\t\n\t\t<figure class=\"wpb_wrapper vc_figure\">\n\t\t\t<div class=\"vc_single_image-wrapper   vc_box_border_grey\"><img decoding=\"async\" class=\"vc_single_image-img\"  src=\"https:\/\/tiago-rodrigues.pt\/wp-content\/uploads\/2021\/07\/IMG_2707_B.jpg\" \/><\/div>\n\t\t<\/figure>\n\t<\/div>\n<\/div><\/div><\/div><\/div><div class=\"vc_row wpb_row vc_row-fluid\" ><div class=\"wpb_column vc_column_container vc_col-sm-12\"><div class=\"vc_column-inner\"><div class=\"wpb_wrapper\">\n\t<div class=\"wpb_text_column wpb_content_element  vc_custom_1711647014715\" >\n\t\t<div class=\"wpb_wrapper\">\n\t\t\t<p style=\"text-align: center;\">Design and layout of the book \"<a href=\"https:\/\/ebooks.uminho.pt\/index.php\/uminho\/catalog\/book\/12\" target=\"_blank\" rel=\"noopener\"><strong>Economia do Esquecimento<\/strong><\/a>&#8220;.<br \/>\nUMinho Editora publisher (Collection Science and Culture for All), 2020.<\/p>\n\n\t\t<\/div>\n\t<\/div>\n<\/div><\/div><\/div><\/div>","protected":false},"excerpt":{"rendered":"Design e pagina\u00e7\u00e3o do livro \"Economia do Esquecimento\". UMinho Editora (Cole\u00e7\u00e3o Ci\u00eancia e Cultura para Todos), 2020.","protected":false},"author":1,"featured_media":0,"parent":0,"menu_order":0,"comment_status":"closed","ping_status":"closed","template":"full-width.php","meta":{"footnotes":""},"class_list":["post-13241","page","type-page","status-publish","hentry"],"_links":{"self":[{"href":"http:\/\/tiago-rodrigues.pt\/en\/wp-json\/wp\/v2\/pages\/13241","targetHints":{"allow":["GET"]}}],"collection":[{"href":"http:\/\/tiago-rodrigues.pt\/en\/wp-json\/wp\/v2\/pages"}],"about":[{"href":"http:\/\/tiago-rodrigues.pt\/en\/wp-json\/wp\/v2\/types\/page"}],"author":[{"embeddable":true,"href":"http:\/\/tiago-rodrigues.pt\/en\/wp-json\/wp\/v2\/users\/1"}],"replies":[{"embeddable":true,"href":"http:\/\/tiago-rodrigues.pt\/en\/wp-json\/wp\/v2\/comments?post=13241"}],"version-history":[{"count":12,"href":"http:\/\/tiago-rodrigues.pt\/en\/wp-json\/wp\/v2\/pages\/13241\/revisions"}],"predecessor-version":[{"id":16641,"href":"http:\/\/tiago-rodrigues.pt\/en\/wp-json\/wp\/v2\/pages\/13241\/revisions\/16641"}],"wp:attachment":[{"href":"http:\/\/tiago-rodrigues.pt\/en\/wp-json\/wp\/v2\/media?parent=13241"}],"curies":[{"name":"wp","href":"https:\/\/api.w.org\/{rel}","templated":true}]}}