{"id":13159,"date":"2021-07-14T09:37:29","date_gmt":"2021-07-14T09:37:29","guid":{"rendered":"http:\/\/tiago-rodrigues.pt\/?page_id=13159"},"modified":"2024-03-28T17:31:42","modified_gmt":"2024-03-28T17:31:42","slug":"conferencias-do-cinquentenario","status":"publish","type":"page","link":"http:\/\/tiago-rodrigues.pt\/en\/conferencias-do-cinquentenario\/","title":{"rendered":"Confer\u00eancias do Cinquenten\u00e1rio"},"content":{"rendered":"<div class=\"vc_row wpb_row vc_row-fluid\" ><div class=\"wpb_column vc_column_container vc_col-sm-12\"><div class=\"vc_column-inner\"><div class=\"wpb_wrapper\">\n\t<div  class=\"wpb_single_image wpb_content_element vc_align_center  vc_custom_1670691013294\">\n\t\t\n\t\t<figure class=\"wpb_wrapper vc_figure\">\n\t\t\t<div class=\"vc_single_image-wrapper   vc_box_border_grey\"><img decoding=\"async\" class=\"vc_single_image-img\"  src=\"https:\/\/tiago-rodrigues.pt\/wp-content\/uploads\/2021\/07\/IMG_2727_BB.jpg\" \/><\/div>\n\t\t<\/figure>\n\t<\/div>\n<\/div><\/div><\/div><\/div><div class=\"vc_row wpb_row vc_row-fluid\" ><div class=\"wpb_column vc_column_container vc_col-sm-12\"><div class=\"vc_column-inner\"><div class=\"wpb_wrapper\">\n\t<div class=\"wpb_text_column wpb_content_element  vc_custom_1711647100648\" >\n\t\t<div class=\"wpb_wrapper\">\n\t\t\t<p style=\"text-align: center;\">Design and layout of the book \"<strong><a href=\"https:\/\/ebooks.uminho.pt\/index.php\/uminho\/catalog\/book\/15\" target=\"_blank\" rel=\"noopener\">Confer\u00eancias do cinquenten\u00e1rio da Teoria da Literatura de V\u00edtor Aguiar e Silva<\/a><\/strong>&#8220;.<br \/>\nUMinho Editora publisher, 2020.<\/p>\n\n\t\t<\/div>\n\t<\/div>\n<\/div><\/div><\/div><\/div>","protected":false},"excerpt":{"rendered":"Design e pagina\u00e7\u00e3o do livro \"Confer\u00eancias do cinquenten\u00e1rio da Teoria da Literatura de V\u00edtor Aguiar e Silva\". UMinho Editora, 2020.","protected":false},"author":1,"featured_media":0,"parent":0,"menu_order":0,"comment_status":"closed","ping_status":"closed","template":"full-width.php","meta":{"footnotes":""},"class_list":["post-13159","page","type-page","status-publish","hentry"],"_links":{"self":[{"href":"http:\/\/tiago-rodrigues.pt\/en\/wp-json\/wp\/v2\/pages\/13159","targetHints":{"allow":["GET"]}}],"collection":[{"href":"http:\/\/tiago-rodrigues.pt\/en\/wp-json\/wp\/v2\/pages"}],"about":[{"href":"http:\/\/tiago-rodrigues.pt\/en\/wp-json\/wp\/v2\/types\/page"}],"author":[{"embeddable":true,"href":"http:\/\/tiago-rodrigues.pt\/en\/wp-json\/wp\/v2\/users\/1"}],"replies":[{"embeddable":true,"href":"http:\/\/tiago-rodrigues.pt\/en\/wp-json\/wp\/v2\/comments?post=13159"}],"version-history":[{"count":11,"href":"http:\/\/tiago-rodrigues.pt\/en\/wp-json\/wp\/v2\/pages\/13159\/revisions"}],"predecessor-version":[{"id":16644,"href":"http:\/\/tiago-rodrigues.pt\/en\/wp-json\/wp\/v2\/pages\/13159\/revisions\/16644"}],"wp:attachment":[{"href":"http:\/\/tiago-rodrigues.pt\/en\/wp-json\/wp\/v2\/media?parent=13159"}],"curies":[{"name":"wp","href":"https:\/\/api.w.org\/{rel}","templated":true}]}}