{"id":13146,"date":"2021-07-14T08:17:00","date_gmt":"2021-07-14T08:17:00","guid":{"rendered":"http:\/\/tiago-rodrigues.pt\/?page_id=13146"},"modified":"2024-03-28T17:33:57","modified_gmt":"2024-03-28T17:33:57","slug":"esbocos-de-uma-geopoetica-e-de-uma-antropologia-literaria-do-minho","status":"publish","type":"page","link":"http:\/\/tiago-rodrigues.pt\/en\/esbocos-de-uma-geopoetica-e-de-uma-antropologia-literaria-do-minho\/","title":{"rendered":"Esbo\u00e7os de uma geopo\u00e9tica e de uma antropologia liter\u00e1ria do Minho"},"content":{"rendered":"<div class=\"vc_row wpb_row vc_row-fluid\" ><div class=\"wpb_column vc_column_container vc_col-sm-12\"><div class=\"vc_column-inner\"><div class=\"wpb_wrapper\">\n\t<div  class=\"wpb_single_image wpb_content_element vc_align_center  vc_custom_1670691374908\">\n\t\t\n\t\t<figure class=\"wpb_wrapper vc_figure\">\n\t\t\t<div class=\"vc_single_image-wrapper   vc_box_border_grey\"><img decoding=\"async\" class=\"vc_single_image-img\"  src=\"https:\/\/tiago-rodrigues.pt\/wp-content\/uploads\/2021\/07\/Capa-Vitor-Aguiar-e-Silva_.jpg\" \/><\/div>\n\t\t<\/figure>\n\t<\/div>\n<\/div><\/div><\/div><\/div><div class=\"vc_row wpb_row vc_row-fluid\" ><div class=\"wpb_column vc_column_container vc_col-sm-12\"><div class=\"vc_column-inner\"><div class=\"wpb_wrapper\">\n\t<div class=\"wpb_text_column wpb_content_element  vc_custom_1711647235634\" >\n\t\t<div class=\"wpb_wrapper\">\n\t\t\t<p style=\"text-align: center;\">Design and layout of the book \"<strong><a href=\"https:\/\/ebooks.uminho.pt\/index.php\/uminho\/catalog\/book\/9\" target=\"_blank\" rel=\"noopener\">Esbo\u00e7os de uma geopo\u00e9tica e de uma antropologia liter\u00e1ria do Minho<\/a><\/strong>&#8220;.<br \/>\nUMinho Editora publisher, 2020.<\/p>\n\n\t\t<\/div>\n\t<\/div>\n<\/div><\/div><\/div><\/div>","protected":false},"excerpt":{"rendered":"Design e pagina\u00e7\u00e3o do livro \"Esbo\u00e7os de uma geopo\u00e9tica e de uma antropologia liter\u00e1ria do Minho\". UMinho Editora, 2020.","protected":false},"author":1,"featured_media":0,"parent":0,"menu_order":0,"comment_status":"closed","ping_status":"closed","template":"full-width.php","meta":{"footnotes":""},"class_list":["post-13146","page","type-page","status-publish","hentry"],"_links":{"self":[{"href":"http:\/\/tiago-rodrigues.pt\/en\/wp-json\/wp\/v2\/pages\/13146","targetHints":{"allow":["GET"]}}],"collection":[{"href":"http:\/\/tiago-rodrigues.pt\/en\/wp-json\/wp\/v2\/pages"}],"about":[{"href":"http:\/\/tiago-rodrigues.pt\/en\/wp-json\/wp\/v2\/types\/page"}],"author":[{"embeddable":true,"href":"http:\/\/tiago-rodrigues.pt\/en\/wp-json\/wp\/v2\/users\/1"}],"replies":[{"embeddable":true,"href":"http:\/\/tiago-rodrigues.pt\/en\/wp-json\/wp\/v2\/comments?post=13146"}],"version-history":[{"count":10,"href":"http:\/\/tiago-rodrigues.pt\/en\/wp-json\/wp\/v2\/pages\/13146\/revisions"}],"predecessor-version":[{"id":16648,"href":"http:\/\/tiago-rodrigues.pt\/en\/wp-json\/wp\/v2\/pages\/13146\/revisions\/16648"}],"wp:attachment":[{"href":"http:\/\/tiago-rodrigues.pt\/en\/wp-json\/wp\/v2\/media?parent=13146"}],"curies":[{"name":"wp","href":"https:\/\/api.w.org\/{rel}","templated":true}]}}