{"id":12078,"date":"2019-10-24T08:11:38","date_gmt":"2019-10-24T08:11:38","guid":{"rendered":"http:\/\/tiago-rodrigues.pt\/?page_id=12078"},"modified":"2024-03-28T17:35:08","modified_gmt":"2024-03-28T17:35:08","slug":"livro-de-atas-e-catalogo-do-simposio-internacional-icpme","status":"publish","type":"page","link":"http:\/\/tiago-rodrigues.pt\/en\/livro-de-atas-e-catalogo-do-simposio-internacional-icpme\/","title":{"rendered":"Livro de atas e cat\u00e1logo do simp\u00f3sio internacional ICPME"},"content":{"rendered":"<div class=\"vc_row wpb_row vc_row-fluid\" ><div class=\"wpb_column vc_column_container vc_col-sm-12\"><div class=\"vc_column-inner\"><div class=\"wpb_wrapper\">\n\t<div class=\"wpb_text_column wpb_content_element\" >\n\t\t<div class=\"wpb_wrapper\">\n\t\t\t\n\n\t\t<\/div>\n\t<\/div>\n\n\t<div class=\"wpb_text_column wpb_content_element  vc_custom_1626083474905\" >\n\t\t<div class=\"wpb_wrapper\">\n\t\t\t<h2 style=\"text-align: center;\">PROCEEDINGS BOOK<\/h2>\n<p style=\"text-align: center;\">Proceedings of the international symposium \"Cultural Interactions and Changing Landscapes in Europe - 2nd century BC \/ 2nd century. A.D.\".<\/p>\n\n\t\t<\/div>\n\t<\/div>\n\n\t<div class=\"wpb_text_column wpb_content_element\" >\n\t\t<div class=\"wpb_wrapper\">\n\t\t\t\n\n\t\t<\/div>\n\t<\/div>\n\n\t<div class=\"wpb_text_column wpb_content_element  vc_custom_1626083484777\" >\n\t\t<div class=\"wpb_wrapper\">\n\t\t\t<h2 style=\"text-align: center;\">CATALOG<\/h2>\n<p style=\"text-align: center;\">Catalog of the exhibition \"Iron Age Hillforts of Boticas\", held in parallel with the symposium.<\/p>\n\n\t\t<\/div>\n\t<\/div>\n\n\t<div class=\"wpb_text_column wpb_content_element  vc_custom_1571995851728\" >\n\t\t<div class=\"wpb_wrapper\">\n\t\t\t\n\n\t\t<\/div>\n\t<\/div>\n<\/div><\/div><\/div><\/div><div class=\"vc_row wpb_row vc_row-fluid\" ><div class=\"wpb_column vc_column_container vc_col-sm-12\"><div class=\"vc_column-inner\"><div class=\"wpb_wrapper\">\n\t<div class=\"wpb_text_column wpb_content_element  vc_custom_1711647306468\" >\n\t\t<div class=\"wpb_wrapper\">\n\t\t\t<p style=\"text-align: center;\">Design and layout of the proceedings book of the international symposium \"Cultural Interactions and Changing Landscapes in Europe - 2nd century BC \/ 2nd. D.C\" and catalog of the exhibition \"Iron Age Hillforts of Boticas\", held in parallel with the symposium.<em><br \/>\n<\/em>University of Minho Archaeology Unit (Portuguese UAUM), 2018.<\/p>\n\n\t\t<\/div>\n\t<\/div>\n<\/div><\/div><\/div><\/div>","protected":false},"excerpt":{"rendered":"LIVRO DE ATAS Livro de atas do simp\u00f3sio internacional \"Intera\u00e7\u00f5es Culturais e Paisagens em Mudan\u00e7a na Europa - S\u00e9c. 2 A.C. \/ S\u00e9c. 2. D.C\". CAT\u00c1LOGO Cat\u00e1logo da exposi\u00e7\u00e3o \"Povoados Fortificados da Idade do Ferro de Boticas\", realizada em paralelo [...]","protected":false},"author":1,"featured_media":12075,"parent":0,"menu_order":0,"comment_status":"closed","ping_status":"closed","template":"full-width.php","meta":{"footnotes":""},"class_list":["post-12078","page","type-page","status-publish","has-post-thumbnail","hentry"],"_links":{"self":[{"href":"http:\/\/tiago-rodrigues.pt\/en\/wp-json\/wp\/v2\/pages\/12078","targetHints":{"allow":["GET"]}}],"collection":[{"href":"http:\/\/tiago-rodrigues.pt\/en\/wp-json\/wp\/v2\/pages"}],"about":[{"href":"http:\/\/tiago-rodrigues.pt\/en\/wp-json\/wp\/v2\/types\/page"}],"author":[{"embeddable":true,"href":"http:\/\/tiago-rodrigues.pt\/en\/wp-json\/wp\/v2\/users\/1"}],"replies":[{"embeddable":true,"href":"http:\/\/tiago-rodrigues.pt\/en\/wp-json\/wp\/v2\/comments?post=12078"}],"version-history":[{"count":37,"href":"http:\/\/tiago-rodrigues.pt\/en\/wp-json\/wp\/v2\/pages\/12078\/revisions"}],"predecessor-version":[{"id":16650,"href":"http:\/\/tiago-rodrigues.pt\/en\/wp-json\/wp\/v2\/pages\/12078\/revisions\/16650"}],"wp:featuredmedia":[{"embeddable":true,"href":"http:\/\/tiago-rodrigues.pt\/en\/wp-json\/wp\/v2\/media\/12075"}],"wp:attachment":[{"href":"http:\/\/tiago-rodrigues.pt\/en\/wp-json\/wp\/v2\/media?parent=12078"}],"curies":[{"name":"wp","href":"https:\/\/api.w.org\/{rel}","templated":true}]}}